{"id":833,"date":"2023-12-29T14:01:24","date_gmt":"2023-12-29T14:01:24","guid":{"rendered":"https:\/\/unacomunitatdiferent.com\/?page_id=833"},"modified":"2025-06-09T22:07:47","modified_gmt":"2025-06-09T22:07:47","slug":"nosotros","status":"publish","type":"page","link":"https:\/\/unacomunitatdiferent.com\/es\/nosotros\/","title":{"rendered":"Nosotros"},"content":{"rendered":"<!--themify_builder_content-->\n<div id=\"themify_builder_content-833\" data-postid=\"833\" class=\"themify_builder_content themify_builder_content-833 themify_builder tf_clear\">\n                    <div  data-css_id=\"wi69690\" data-lazy=\"1\" class=\"module_row themify_builder_row fullwidth_row_container tb_wi69690 tb_first tf_w wow\" data-tf-animation=\"fadeIn\">\n            <span  class=\"builder_row_cover tf_abs\" data-lazy=\"1\"><\/span>            <div class=\"row_inner col_align_top tb_col_count_1 tf_box tf_rel\">\n                        <div  data-lazy=\"1\" class=\"module_column tb-column col-full tb_44ze005 first\">\n                    <!-- module text -->\n<div  class=\"module module-text tb_57rd297    wow\" data-tf-animation=\"fadeInUp\" data-lazy=\"1\">\n        <div  class=\"tb_text_wrap\">\n        <h1>Nous<\/h1>    <\/div>\n<\/div>\n<!-- \/module text -->        <\/div>\n                        <\/div>\n        <\/div>\n                        <div  data-lazy=\"1\" class=\"module_row themify_builder_row tb_msdv141 tf_w\">\n                        <div class=\"row_inner col_align_top tb_col_count_1 tf_box tf_rel\">\n                        <div  data-lazy=\"1\" class=\"module_column tb-column col-full tb_f6v8141 first\">\n                            <div  data-lazy=\"1\" class=\"module_subrow themify_builder_sub_row tf_w col_align_top tb_col_count_1 tb_56nx8\">\n                <div  data-lazy=\"1\" class=\"module_column sub_column col-full tb_itm2986 first\">\n                    <!-- module text -->\n<div  class=\"module module-text tb_9c3i987  fullcover  wow\" data-tf-animation=\"fadeInRight\" data-lazy=\"1\">\n        <div  class=\"tb_text_wrap\">\n        <h2>Nuestra Historia<\/h2>\n<p>El 2020 com a fundador \u00abd&#8217;<strong>Una Comunitat Diferent .com<\/strong>\u00bb decideixo optar per la compra d&#8217;un habitatge i deixar el lloguer en un segon pla.<br>Al cap de pocs mesos d&#8217;aquest projecte, vaig assistir a la seva primera reuni\u00f3 de ve\u00efns com a propietari.<br><br> En esta primera reuni\u00f3n, me sorprende ver los altos costes fijos anuales que asume la comunidad de vecinos de la que ahora soy propietario.<\/p>\n<p>Per la meva experi\u00e8ncia professional com a C<span class=\"hiddenSpellError\">ontrollers<\/span> Financer, proposo ser el pr\u00f2xim president de la comunitat, per tal de revisar les despeses i analitzar cada una de les partides per intentar optimitzar i reduir els elevats costos.<\/p>\n<p>Despu\u00e9s de un intensivo estudio de los servicios contratados por la comunidad, eval\u00fao las prestaciones, los precios y calidades de los servicios que nos est\u00e1n ofreciendo, haciendo comparativas y valorando cada uno de los puntos a tener en cuenta. Tres meses despu\u00e9s, se decide prescindir de 9 empresas para dar nuevas oportunidades a otras empresas que ofrecen las mismas o mejores prestaciones a un precio competitivo y un servicio de calidad.<\/p>\n<p><strong>Puesto en pr\u00e1ctica todos estos cambios, podemos afirmar y demostrar, que en menos de diez meses, se logr\u00f3 bajar los costes fijos de la comunidad un 40%.<\/strong><\/p>\n<p>Uno de los cambios a tener en cuenta era la administradora en ese momento, donde el servicio, la eficiencia y el precio que pag\u00e1bamos no era satisfactorio, seguramente porque no era su negocio principal como muchas de las administradoras actuales del mercado, donde la su l\u00ednea de negocio es la compraventa y alquileres de inmuebles.<\/p>\n<p>Es por esta raz\u00f3n, se decide contratar a una persona profesional, donde su actividad, \u00fanicamente rige en la gesti\u00f3n de comunidades, con el objetivo de aprender de una experta en la materia durante un a\u00f1o, para poder emprender en un futuro esta profesi\u00f3n y dar un servicio exclusivo y eficiente en la gesti\u00f3n de comunidades.<\/p>    <\/div>\n<\/div>\n<!-- \/module text --><!-- module image -->\n<div  class=\"module module-image tb_9i9k2 image-top   tf_mw\" data-lazy=\"1\">\n        <div class=\"image-wrap tf_rel tf_mw\">\n            <img loading=\"lazy\" decoding=\"async\" width=\"1920\" height=\"1080\" src=\"https:\/\/unacomunitatdiferent.com\/wp-content\/uploads\/2023\/11\/ADMINISTRADOR-1.jpeg\" class=\"wp-post-image wp-image-771\" title=\"ADMINISTRADOR 1\" alt=\"ADMINISTRADOR 1\" srcset=\"https:\/\/unacomunitatdiferent.com\/wp-content\/uploads\/2023\/11\/ADMINISTRADOR-1.jpeg 1920w, https:\/\/unacomunitatdiferent.com\/wp-content\/uploads\/2023\/11\/ADMINISTRADOR-1-300x169.jpeg 300w, https:\/\/unacomunitatdiferent.com\/wp-content\/uploads\/2023\/11\/ADMINISTRADOR-1-1024x576.jpeg 1024w, https:\/\/unacomunitatdiferent.com\/wp-content\/uploads\/2023\/11\/ADMINISTRADOR-1-768x432.jpeg 768w, https:\/\/unacomunitatdiferent.com\/wp-content\/uploads\/2023\/11\/ADMINISTRADOR-1-1536x864.jpeg 1536w\" sizes=\"auto, (max-width: 1920px) 100vw, 1920px\" \/>    \n        <\/div>\n    <!-- \/image-wrap -->\n    \n        <\/div>\n<!-- \/module image -->        <\/div>\n                    <\/div>\n                <\/div>\n                        <\/div>\n        <\/div>\n                        <div  data-lazy=\"1\" class=\"module_row themify_builder_row tb_76u6860 tf_w\">\n                        <div class=\"row_inner col_align_middle tb_col_count_2 tf_box tf_rel\">\n                        <div  data-lazy=\"1\" class=\"module_column tb-column col4-2 tb_72dl661 first\">\n                    <!-- module text -->\n<div  class=\"module module-text tb_pihg061    wow\" data-tf-animation=\"fadeInLeft\" data-lazy=\"1\">\n        <div  class=\"tb_text_wrap\">\n        <h2>\u00bfQui\u00e9nes somos?<\/h2>\n<p><strong>Una Comunitat Diferent .com<\/strong> \u00e9s una empresa de gesti\u00f3n de comunidades de vecinos. Nace con una misi\u00f3n ambiciosa: acompa\u00f1ar a las comunidades de vecinos a llevar una gesti\u00f3n efectiva, eficiente y competitiva.<\/p>\n<p>Des d&#8217;<strong>Una Comunitat Diferent .com<\/strong> entenem que el sector de la gesti\u00f3 de comunitats necessita una revoluci\u00f3 per a poder satisfer les necessitats dels propietaris amb una gesti\u00f3 transparent, aix\u00ed com la de poder tenir l&#8217;informaci\u00f3 a l&#8217;abast de tots els propietaris en qualsevol moment.<\/p>\n<p>Por este motivo, se est\u00e1 desarrollando una herramienta, donde cada uno de los propietarios podr\u00e1 consultar todos los datos esenciales vinculados a su comunidad de vecinos.<\/p>\n<p><strong>Una Comunidad D<\/strong><strong>iferente . com<\/strong> estamos centrados en desarrollar tecnolog\u00eda propia que facilite la informaci\u00f3n y en ofrecer diferentes beneficios para cada propietario que forma la comunidad, consiguiendo que cualquier persona pueda beneficiarse personalmente como a nivel comunitario.<\/p>    <\/div>\n<\/div>\n<!-- \/module text -->        <\/div>\n                    <div  data-lazy=\"1\" class=\"module_column tb-column col4-2 tb_re7r209 last\">\n                    <!-- module image -->\n<div  class=\"module module-image tb_6f29396 image-top   tf_mw wow\" data-tf-animation=\"fadeInRight\" data-lazy=\"1\">\n        <div class=\"image-wrap tf_rel tf_mw\">\n            <img loading=\"lazy\" decoding=\"async\" src=\"https:\/\/unacomunitatdiferent.com\/wp-content\/uploads\/2023\/11\/about-2-540x440.jpg\" width=\"540\" height=\"440\" class=\"wp-post-image wp-image-699\" title=\"about-2\" alt=\"about-2\" srcset=\"https:\/\/unacomunitatdiferent.com\/wp-content\/uploads\/2023\/11\/about-2.jpg 540w, https:\/\/unacomunitatdiferent.com\/wp-content\/uploads\/2023\/11\/about-2-300x244.jpg 300w\" sizes=\"auto, (max-width: 540px) 100vw, 540px\" \/>    \n        <\/div>\n    <!-- \/image-wrap -->\n    \n        <\/div>\n<!-- \/module image -->        <\/div>\n                        <\/div>\n        <\/div>\n                        <div  data-lazy=\"1\" class=\"module_row themify_builder_row tb_fge2312 tf_w\">\n                        <div class=\"row_inner col_align_middle tb_col_count_2 tf_box tf_rel\">\n                        <div  data-lazy=\"1\" class=\"module_column tb-column col4-2 tb_to0h312 first\">\n                    <!-- module image -->\n<div  class=\"module module-image tb_1z36312 image-top   tf_mw wow\" data-tf-animation=\"fadeInLeft\" data-lazy=\"1\">\n        <div class=\"image-wrap tf_rel tf_mw\">\n            <img loading=\"lazy\" decoding=\"async\" src=\"https:\/\/unacomunitatdiferent.com\/wp-content\/uploads\/2023\/11\/about-1-710x559.webp\" width=\"710\" height=\"559\" class=\"wp-post-image wp-image-698\" title=\"about-1\" alt=\"about-1\" srcset=\"https:\/\/unacomunitatdiferent.com\/wp-content\/uploads\/2023\/11\/about-1.webp 710w, https:\/\/unacomunitatdiferent.com\/wp-content\/uploads\/2023\/11\/about-1-300x236.webp 300w\" sizes=\"auto, (max-width: 710px) 100vw, 710px\" \/>    \n        <\/div>\n    <!-- \/image-wrap -->\n    \n        <\/div>\n<!-- \/module image -->        <\/div>\n                    <div  data-lazy=\"1\" class=\"module_column tb-column col4-2 tb_s5pa312 last\">\n                    <!-- module text -->\n<div  class=\"module module-text tb_gr1w312    wow\" data-tf-animation=\"fadeInRight\" data-lazy=\"1\">\n        <div  class=\"tb_text_wrap\">\n        <h2>Misi\u00f3n<\/h2>\n<p>Modernizar la forma en que los usuarios interact\u00faan con la gesti\u00f3n de su comunidad, recibiendo toda la informaci\u00f3n de la forma m\u00e1s simple y efectiva posible, directamente por web, email o app, consiguiendo trabajar de manera eficiente, reduciendo gastos a un precio competitivo.<br><br><\/p>    <\/div>\n<\/div>\n<!-- \/module text -->        <\/div>\n                        <\/div>\n        <\/div>\n                        <div  data-lazy=\"1\" class=\"module_row themify_builder_row lawyers-section tb_5fr1005 tf_w\">\n                        <div class=\"row_inner col_align_top tb_col_count_1 tf_box tf_rel\">\n                        <div  data-lazy=\"1\" class=\"module_column tb-column col-full tb_1tgo607 first\">\n                    <!-- module text -->\n<div  class=\"module module-text tb_97np160    wow\" data-tf-animation=\"fadeInUp\" data-lazy=\"1\">\n        <div  class=\"tb_text_wrap\">\n        <h2><span style=\"color: #ffffff\">NUESTROS VALORES<\/span><\/h2>    <\/div>\n<\/div>\n<!-- \/module text -->        <div  data-lazy=\"1\" class=\"module_subrow themify_builder_sub_row tf_w col_align_top tb_col_count_3 tb_zo09255\">\n                <div  data-lazy=\"1\" class=\"module_column sub_column col3-1 tb_1b88256 first\">\n                    <!-- module image -->\n<div  class=\"module module-image tb_jwil246 image-center   tf_mw tb_gs472656 wow\" data-tf-animation=\"fadeInRight\" data-lazy=\"1\">\n        <div class=\"image-wrap tf_rel tf_mw\">\n            <img loading=\"lazy\" decoding=\"async\" width=\"60\" height=\"71\" src=\"https:\/\/unacomunitatdiferent.com\/wp-content\/uploads\/2023\/11\/corporate-1.png\" class=\"wp-post-image wp-image-712\" title=\"Transparencia\" alt=\"Facilitamos a los propietarios la documentaci\u00f3n y la informaci\u00f3n relacionada con la comunidad. Estamos en desarrollo de una aplicaci\u00f3n exclusiva para manejar la comunidad de propietarios.\" srcset=\"https:\/\/unacomunitatdiferent.com\/wp-content\/uploads\/2023\/11\/corporate-1.png 60w, https:\/\/unacomunitatdiferent.com\/wp-content\/uploads\/2023\/11\/corporate-1-42x50.png 42w\" sizes=\"auto, (max-width: 60px) 100vw, 60px\" \/>    \n        <\/div>\n    <!-- \/image-wrap -->\n    \n        <div class=\"image-content\">\n                    <h3 class=\"image-title\">\n                                    Transparencia                            <\/h3>\n                        <div class=\"image-caption tb_text_wrap\">\n            Facilitamos a los propietarios la documentaci\u00f3n y la informaci\u00f3n relacionada con la comunidad. Estamos en desarrollo de una aplicaci\u00f3n exclusiva para manejar la comunidad de propietarios.        <\/div>\n        <!-- \/image-caption -->\n            <\/div>\n    <!-- \/image-content -->\n        <\/div>\n<!-- \/module image -->        <\/div>\n                    <div  data-lazy=\"1\" class=\"module_column sub_column col3-1 tb_w7e2257\">\n                    <!-- module image -->\n<div  class=\"module module-image tb_cf4s280 image-center   tf_mw tb_gs472656 wow\" data-tf-animation=\"fadeInRight\" data-lazy=\"1\">\n        <div class=\"image-wrap tf_rel tf_mw\">\n            <img loading=\"lazy\" decoding=\"async\" width=\"60\" height=\"71\" src=\"https:\/\/unacomunitatdiferent.com\/wp-content\/uploads\/2023\/11\/corporate-1.png\" class=\"wp-post-image wp-image-712\" title=\"Excelencia\" alt=\"Evolucionar mediante formaci\u00f3n continuada para exigir siempre lo mejor de uno mismo consiguiendo resultados \u00f3ptimos.\" srcset=\"https:\/\/unacomunitatdiferent.com\/wp-content\/uploads\/2023\/11\/corporate-1.png 60w, https:\/\/unacomunitatdiferent.com\/wp-content\/uploads\/2023\/11\/corporate-1-42x50.png 42w\" sizes=\"auto, (max-width: 60px) 100vw, 60px\" \/>    \n        <\/div>\n    <!-- \/image-wrap -->\n    \n        <div class=\"image-content\">\n                    <h3 class=\"image-title\">\n                                    Excelencia                            <\/h3>\n                        <div class=\"image-caption tb_text_wrap\">\n            Evolucionar mediante formaci\u00f3n continuada para exigir siempre lo mejor de uno mismo consiguiendo resultados \u00f3ptimos.        <\/div>\n        <!-- \/image-caption -->\n            <\/div>\n    <!-- \/image-content -->\n        <\/div>\n<!-- \/module image -->        <\/div>\n                    <div  data-lazy=\"1\" class=\"module_column sub_column col3-1 tb_yw6d257 last\">\n                    <!-- module image -->\n<div  class=\"module module-image tb_0bp3907 image-center   tf_mw tb_gs472656 wow\" data-tf-animation=\"fadeInRight\" data-lazy=\"1\">\n        <div class=\"image-wrap tf_rel tf_mw\">\n            <img loading=\"lazy\" decoding=\"async\" width=\"60\" height=\"71\" src=\"https:\/\/unacomunitatdiferent.com\/wp-content\/uploads\/2023\/11\/corporate-1.png\" class=\"wp-post-image wp-image-712\" title=\"Perseverancia\" alt=\"Afrontamos cada reto con la firmeza y constancia que requiere para dar la respuesta que se espera de nosotros.\" srcset=\"https:\/\/unacomunitatdiferent.com\/wp-content\/uploads\/2023\/11\/corporate-1.png 60w, https:\/\/unacomunitatdiferent.com\/wp-content\/uploads\/2023\/11\/corporate-1-42x50.png 42w\" sizes=\"auto, (max-width: 60px) 100vw, 60px\" \/>    \n        <\/div>\n    <!-- \/image-wrap -->\n    \n        <div class=\"image-content\">\n                    <h3 class=\"image-title\">\n                                    Perseverancia                            <\/h3>\n                        <div class=\"image-caption tb_text_wrap\">\n            Afrontamos cada reto con la firmeza y constancia que requiere para dar la respuesta que se espera de nosotros.        <\/div>\n        <!-- \/image-caption -->\n            <\/div>\n    <!-- \/image-content -->\n        <\/div>\n<!-- \/module image -->        <\/div>\n                    <\/div>\n                <\/div>\n                        <\/div>\n        <\/div>\n                        <div  data-lazy=\"1\" class=\"module_row themify_builder_row tb_chfv888 tf_w\">\n                        <div class=\"row_inner col_align_top tb_col_count_1 tf_box tf_rel\">\n                        <div  data-lazy=\"1\" class=\"module_column tb-column col-full tb_bxtn889 first\">\n                            <\/div>\n                        <\/div>\n        <\/div>\n        <\/div>\n<!--\/themify_builder_content-->","protected":false},"excerpt":{"rendered":"<p>Nous<\/p>\n","protected":false},"author":2,"featured_media":0,"parent":0,"menu_order":0,"comment_status":"closed","ping_status":"closed","template":"","meta":{"footnotes":""},"class_list":["post-833","page","type-page","status-publish","hentry","has-post-title","has-post-date","has-post-category","has-post-tag","has-post-comment","has-post-author",""],"builder_content":"<h1>Nous<\/h1>\n<h2>Nuestra Historia<\/h2> <p>El 2020 com a fundador \"d'<strong>Una Comunitat Diferent .com<\/strong>\" decideixo optar per la compra d'un habitatge i deixar el lloguer en un segon pla.<br>Al cap de pocs mesos d'aquest projecte, vaig assistir a la seva primera reuni\u00f3 de ve\u00efns com a propietari.<br><br> En esta primera reuni\u00f3n, me sorprende ver los altos costes fijos anuales que asume la comunidad de vecinos de la que ahora soy propietario.<\/p> <p>Per la meva experi\u00e8ncia professional com a Controllers Financer, proposo ser el pr\u00f2xim president de la comunitat, per tal de revisar les despeses i analitzar cada una de les partides per intentar optimitzar i reduir els elevats costos.<\/p> <p>Despu\u00e9s de un intensivo estudio de los servicios contratados por la comunidad, eval\u00fao las prestaciones, los precios y calidades de los servicios que nos est\u00e1n ofreciendo, haciendo comparativas y valorando cada uno de los puntos a tener en cuenta. Tres meses despu\u00e9s, se decide prescindir de 9 empresas para dar nuevas oportunidades a otras empresas que ofrecen las mismas o mejores prestaciones a un precio competitivo y un servicio de calidad.<\/p> <p><strong>Puesto en pr\u00e1ctica todos estos cambios, podemos afirmar y demostrar, que en menos de diez meses, se logr\u00f3 bajar los costes fijos de la comunidad un 40%.<\/strong><\/p> <p>Uno de los cambios a tener en cuenta era la administradora en ese momento, donde el servicio, la eficiencia y el precio que pag\u00e1bamos no era satisfactorio, seguramente porque no era su negocio principal como muchas de las administradoras actuales del mercado, donde la su l\u00ednea de negocio es la compraventa y alquileres de inmuebles.<\/p> <p>Es por esta raz\u00f3n, se decide contratar a una persona profesional, donde su actividad, \u00fanicamente rige en la gesti\u00f3n de comunidades, con el objetivo de aprender de una experta en la materia durante un a\u00f1o, para poder emprender en un futuro esta profesi\u00f3n y dar un servicio exclusivo y eficiente en la gesti\u00f3n de comunidades.<\/p>\n<img src=\"https:\/\/unacomunitatdiferent.com\/wp-content\/uploads\/2023\/11\/ADMINISTRADOR-1.jpeg\" title=\"ADMINISTRADOR 1\" alt=\"ADMINISTRADOR 1\" srcset=\"https:\/\/unacomunitatdiferent.com\/wp-content\/uploads\/2023\/11\/ADMINISTRADOR-1.jpeg 1920w, https:\/\/unacomunitatdiferent.com\/wp-content\/uploads\/2023\/11\/ADMINISTRADOR-1-300x169.jpeg 300w, https:\/\/unacomunitatdiferent.com\/wp-content\/uploads\/2023\/11\/ADMINISTRADOR-1-1024x576.jpeg 1024w, https:\/\/unacomunitatdiferent.com\/wp-content\/uploads\/2023\/11\/ADMINISTRADOR-1-768x432.jpeg 768w, https:\/\/unacomunitatdiferent.com\/wp-content\/uploads\/2023\/11\/ADMINISTRADOR-1-1536x864.jpeg 1536w\" sizes=\"(max-width: 1920px) 100vw, 1920px\" \/>\n<h2>\u00bfQui\u00e9nes somos?<\/h2> <p><strong>Una Comunitat Diferent .com<\/strong> \u00e9s una empresa de gesti\u00f3n de comunidades de vecinos. Nace con una misi\u00f3n ambiciosa: acompa\u00f1ar a las comunidades de vecinos a llevar una gesti\u00f3n efectiva, eficiente y competitiva.<\/p> <p>Des d'<strong>Una Comunitat Diferent .com<\/strong> entenem que el sector de la gesti\u00f3 de comunitats necessita una revoluci\u00f3 per a poder satisfer les necessitats dels propietaris amb una gesti\u00f3 transparent, aix\u00ed com la de poder tenir l'informaci\u00f3 a l'abast de tots els propietaris en qualsevol moment.<\/p> <p>Por este motivo, se est\u00e1 desarrollando una herramienta, donde cada uno de los propietarios podr\u00e1 consultar todos los datos esenciales vinculados a su comunidad de vecinos.<\/p> <p><strong>Una Comunidad D<\/strong><strong>iferente . com<\/strong> estamos centrados en desarrollar tecnolog\u00eda propia que facilite la informaci\u00f3n y en ofrecer diferentes beneficios para cada propietario que forma la comunidad, consiguiendo que cualquier persona pueda beneficiarse personalmente como a nivel comunitario.<\/p>\n<img src=\"https:\/\/unacomunitatdiferent.com\/wp-content\/uploads\/2023\/11\/about-2-540x440.jpg\" width=\"540\" height=\"440\" title=\"about-2\" alt=\"about-2\" srcset=\"https:\/\/unacomunitatdiferent.com\/wp-content\/uploads\/2023\/11\/about-2.jpg 540w, https:\/\/unacomunitatdiferent.com\/wp-content\/uploads\/2023\/11\/about-2-300x244.jpg 300w\" sizes=\"(max-width: 540px) 100vw, 540px\" \/>\n<img src=\"https:\/\/unacomunitatdiferent.com\/wp-content\/uploads\/2023\/11\/about-1-710x559.webp\" width=\"710\" height=\"559\" title=\"about-1\" alt=\"about-1\" srcset=\"https:\/\/unacomunitatdiferent.com\/wp-content\/uploads\/2023\/11\/about-1.webp 710w, https:\/\/unacomunitatdiferent.com\/wp-content\/uploads\/2023\/11\/about-1-300x236.webp 300w\" sizes=\"(max-width: 710px) 100vw, 710px\" \/>\n<h2>Misi\u00f3n<\/h2> <p>Modernizar la forma en que los usuarios interact\u00faan con la gesti\u00f3n de su comunidad, recibiendo toda la informaci\u00f3n de la forma m\u00e1s simple y efectiva posible, directamente por web, email o app, consiguiendo trabajar de manera eficiente, reduciendo gastos a un precio competitivo.<br><br><\/p>\n<h2>NUESTROS VALORES<\/h2>\n<img src=\"https:\/\/unacomunitatdiferent.com\/wp-content\/uploads\/2023\/11\/corporate-1.png\" title=\"Transparencia\" alt=\"Facilitamos a los propietarios la documentaci\u00f3n y la informaci\u00f3n relacionada con la comunidad. Estamos en desarrollo de una aplicaci\u00f3n exclusiva para manejar la comunidad de propietarios.\" srcset=\"https:\/\/unacomunitatdiferent.com\/wp-content\/uploads\/2023\/11\/corporate-1.png 60w, https:\/\/unacomunitatdiferent.com\/wp-content\/uploads\/2023\/11\/corporate-1-42x50.png 42w\" sizes=\"(max-width: 60px) 100vw, 60px\" \/> <h3> Transparencia <\/h3> Facilitamos a los propietarios la documentaci\u00f3n y la informaci\u00f3n relacionada con la comunidad. Estamos en desarrollo de una aplicaci\u00f3n exclusiva para manejar la comunidad de propietarios.\n<img src=\"https:\/\/unacomunitatdiferent.com\/wp-content\/uploads\/2023\/11\/corporate-1.png\" title=\"Excelencia\" alt=\"Evolucionar mediante formaci\u00f3n continuada para exigir siempre lo mejor de uno mismo consiguiendo resultados \u00f3ptimos.\" srcset=\"https:\/\/unacomunitatdiferent.com\/wp-content\/uploads\/2023\/11\/corporate-1.png 60w, https:\/\/unacomunitatdiferent.com\/wp-content\/uploads\/2023\/11\/corporate-1-42x50.png 42w\" sizes=\"(max-width: 60px) 100vw, 60px\" \/> <h3> Excelencia <\/h3> Evolucionar mediante formaci\u00f3n continuada para exigir siempre lo mejor de uno mismo consiguiendo resultados \u00f3ptimos.\n<img src=\"https:\/\/unacomunitatdiferent.com\/wp-content\/uploads\/2023\/11\/corporate-1.png\" title=\"Perseverancia\" alt=\"Afrontamos cada reto con la firmeza y constancia que requiere para dar la respuesta que se espera de nosotros.\" srcset=\"https:\/\/unacomunitatdiferent.com\/wp-content\/uploads\/2023\/11\/corporate-1.png 60w, https:\/\/unacomunitatdiferent.com\/wp-content\/uploads\/2023\/11\/corporate-1-42x50.png 42w\" sizes=\"(max-width: 60px) 100vw, 60px\" \/> <h3> Perseverancia <\/h3> Afrontamos cada reto con la firmeza y constancia que requiere para dar la respuesta que se espera de nosotros.","_links":{"self":[{"href":"https:\/\/unacomunitatdiferent.com\/es\/wp-json\/wp\/v2\/pages\/833","targetHints":{"allow":["GET"]}}],"collection":[{"href":"https:\/\/unacomunitatdiferent.com\/es\/wp-json\/wp\/v2\/pages"}],"about":[{"href":"https:\/\/unacomunitatdiferent.com\/es\/wp-json\/wp\/v2\/types\/page"}],"author":[{"embeddable":true,"href":"https:\/\/unacomunitatdiferent.com\/es\/wp-json\/wp\/v2\/users\/2"}],"replies":[{"embeddable":true,"href":"https:\/\/unacomunitatdiferent.com\/es\/wp-json\/wp\/v2\/comments?post=833"}],"version-history":[{"count":25,"href":"https:\/\/unacomunitatdiferent.com\/es\/wp-json\/wp\/v2\/pages\/833\/revisions"}],"predecessor-version":[{"id":1171,"href":"https:\/\/unacomunitatdiferent.com\/es\/wp-json\/wp\/v2\/pages\/833\/revisions\/1171"}],"wp:attachment":[{"href":"https:\/\/unacomunitatdiferent.com\/es\/wp-json\/wp\/v2\/media?parent=833"}],"curies":[{"name":"wp","href":"https:\/\/api.w.org\/{rel}","templated":true}]}}